{"id":228,"date":"2025-08-18T10:00:07","date_gmt":"2025-08-18T10:00:07","guid":{"rendered":"https:\/\/solecooler.com\/?post_type=product&#038;p=228"},"modified":"2026-02-17T15:16:32","modified_gmt":"2026-02-17T15:16:32","slug":"climfeet","status":"publish","type":"product","link":"https:\/\/local.preprod.solecooler.com\/en\/product\/climfeet-2\/","title":{"rendered":"ClimFeet +"},"content":{"rendered":"<div data-elementor-type=\"product-post\" data-elementor-id=\"228\" class=\"elementor elementor-228\" data-elementor-post-type=\"product\">\n\t\t\t\t<div class=\"elementor-element elementor-element-31b57e82 e-flex e-con-boxed e-con e-parent\" data-id=\"31b57e82\" data-element_type=\"container\" data-e-type=\"container\">\n\t\t\t\t\t<div class=\"e-con-inner\">\n\t\t\t\t<div class=\"elementor-element elementor-element-2cdf68e6 elementor-widget elementor-widget-text-editor\" data-id=\"2cdf68e6\" data-element_type=\"widget\" data-e-type=\"widget\" data-widget_type=\"text-editor.default\">\n\t\t\t\t\t\t\t\t\t<h6><strong><span class=\"titleDescription\">CLIMFEET +: + COPPER, + HEAT &amp; COOL, + COMFORT<\/span><\/strong><\/h6><p class=\"sentanceDescription\">Discover ClimFeet +, the highest-performance insoles in the ClimFeet range. Thanks to the addition of 10% copper, this insole distributes heat more evenly, offering superior all-day comfort, especially for sensitive feet.<\/p><h6><strong><span class=\"titleDescription\">FOR WHOM?<\/span><\/strong><\/h6><p class=\"sentanceDescription\">CLIMFEET + insoles are ideal for people with circulatory problems. Thanks to their unique composition containing 10% of copper, they ensure even heat diffusion, offering incomparable comfort even in the coldest or hottest conditions.<br \/>For those suffering from Raynaud's syndrome, where the extremities become particularly sensitive to cold, these insoles provide adapted warmth to help alleviate the discomfort associated with temperature variations.<\/p><h6><strong><span class=\"titleDescription\">HOW DOES IT WORK?<\/span><\/strong><\/h6><p class=\"sentanceDescription\">CLIMFEET inserts contain hundreds of miniature heat pumps <strong>(patented technology),<\/strong> are made up of 2 air-filled cells. When you exert pressure on the ground during your activity, the air contained inside the rounded cells is pushed towards the hexagonal cells, where the air is released. <strong>heats up naturally<\/strong> by increasing pressure (like a pump when you inflate your bicycle tire).<br \/>When you lift your foot, the hyperelasticity of the material causes the cells to return to their original shape, and the air expands in the rounded cells, making them<strong> cools naturally.<\/strong> We have also added<strong>\u00a010% de cuivre<\/strong> CLIMFEET insoles for improved thermal conductivity.<\/p><h6><strong><span class=\"titleDescription\">HOW TO ADJUST YOUR SIZE?<\/span><\/strong><\/h6><p class=\"sentanceDescription\">ClimFeet+ insoles come in <strong data-start=\"449\" data-end=\"466\">one size<\/strong>. To fit them to your shoes:<\/p><p>1. Remove the existing insole.<br \/>2. Place the ClimFeet insole on top and trace the outline.<br \/>3. Trim along the traced line.<br \/>4. Insert and check for comfort.<\/p><p><a href=\"https:\/\/solecooler.com\/wp-content\/uploads\/2026\/02\/ClimFeet-User-Manual.pdf\" target=\"_blank\" rel=\"noopener\">See the User Manual<\/a><\/p><h6><strong><span class=\"titleDescription\">HOW DOES CLIMFEET GRADUALLY REGULATE THE TEMPERATURE OF YOUR FEET?<\/span><\/strong><\/h6><p class=\"sentanceDescription\">ClimFeet acts on the actual temperature of the foot progressively, with each step. The foot does not immediately perceive this effect due to few thermal sensors, reduced peripheral circulation, and gradual adaptation of the nervous system. The benefit is cumulative and delayed, and is most noticeable at the end of the day. The effect is measured over time, not instantly\u2014the true test is at the end of the day.<br \/><a href=\"https:\/\/solecooler.com\/wp-content\/uploads\/2026\/02\/Foot-physiology.pdf\" target=\"_blank\" rel=\"noopener\">Learn more about foot physiology.<\/a><\/p><h6><strong><span class=\"titleDescription\">AND THE PLANET?<\/span><\/strong><\/h6><p class=\"sentanceDescriptionEnd\">Our CLIMFEET insoles work <strong>without batteries or chemicals,<\/strong> Our CLIMFEET insoles operate <strong>without batteries or chemicals<\/strong>, but solely on the energy of your footsteps, so <strong>they produce no CO2 during use.<\/strong>\n\nWith environmental considerations in mind, the TPU in CLIMFEET insoles is <strong>assembled without glue.<\/strong>\nThis means <strong>we can recycle the entire TPU<\/strong> when you return them for replacement.<strong> CO2 in use.<\/strong><br \/>Concerned about the environment, CLIMFEET insoles are assembled without glue. This means the insoles are 100% recyclable when returned for replacement, reducing CO\u2082 impact.\u00a0<\/p><h6><strong><span class=\"titleDescription\">GIVE THEM A SECOND LIFE<\/span><\/strong><\/h6><p class=\"sentanceDescriptionEnd\">After one year of use, you can return your worn insoles for recycling. In return, you will receive 10% off your next pair. Find all the details on our page <a href=\"https:\/\/solecooler.com\/retours-et-recyclage-climfeet\/\" target=\"_blank\" rel=\"noopener\">The second life of your insoles<\/a> and learn how to participate in the <a href=\"https:\/\/solecooler.com\/cgv\/\" target=\"_blank\" rel=\"noopener\">Terms and Conditions.<\/a><\/p>\t\t\t\t\t\t\t\t<\/div>\n\t\t\t\t\t<\/div>\n\t\t\t\t<\/div>\n\t\t\t\t<\/div>","protected":false},"excerpt":{"rendered":"<div class=\"paragraph\">\n<p data-start=\"978\" data-end=\"1042\">A pair of <strong data-start=\"3559\" data-end=\"3583\">reversible insoles<\/strong> that <strong data-start=\"3588\" data-end=\"3643\">naturally warm or cool your feet<\/strong>, simply using the energy of your steps.<\/p>\n<ul>\n<li data-start=\"978\" data-end=\"1042\">Designed for people with sensitive feet or circulation issues.<\/li>\n<li data-start=\"978\" data-end=\"1042\">Warm side (+4 \u00b0C); cool side (\u20133.5 \u00b0C)<\/li>\n<li data-start=\"978\" data-end=\"1042\">Sizes: US 4 to 13 (one size, cut to fit)<\/li>\n<li data-start=\"978\" data-end=\"1042\">Thermodynamic technology: no battery, no electricity, and no chemicals<\/li>\n<\/ul>\n<\/div>","protected":false},"featured_media":105663,"comment_status":"open","ping_status":"closed","template":"","meta":{"content-type":"","site-sidebar-layout":"default","site-content-layout":"","ast-site-content-layout":"default","site-content-style":"default","site-sidebar-style":"default","ast-global-header-display":"","ast-banner-title-visibility":"","ast-main-header-display":"","ast-hfb-above-header-display":"","ast-hfb-below-header-display":"","ast-hfb-mobile-header-display":"","site-post-title":"","ast-breadcrumbs-content":"","ast-featured-img":"","footer-sml-layout":"","ast-disable-related-posts":"","theme-transparent-header-meta":"default","adv-header-id-meta":"","stick-header-meta":"","header-above-stick-meta":"","header-main-stick-meta":"","header-below-stick-meta":"","astra-migrate-meta-layouts":"set","ast-page-background-enabled":"default","ast-page-background-meta":{"desktop":{"background-color":"var(--ast-global-color-5)","background-image":"","background-repeat":"repeat","background-position":"center center","background-size":"auto","background-attachment":"scroll","background-type":"","background-media":"","overlay-type":"","overlay-color":"","overlay-opacity":"","overlay-gradient":""},"tablet":{"background-color":"","background-image":"","background-repeat":"repeat","background-position":"center center","background-size":"auto","background-attachment":"scroll","background-type":"","background-media":"","overlay-type":"","overlay-color":"","overlay-opacity":"","overlay-gradient":""},"mobile":{"background-color":"","background-image":"","background-repeat":"repeat","background-position":"center center","background-size":"auto","background-attachment":"scroll","background-type":"","background-media":"","overlay-type":"","overlay-color":"","overlay-opacity":"","overlay-gradient":""}},"ast-content-background-meta":{"desktop":{"background-color":"var(--ast-global-color-4)","background-image":"","background-repeat":"repeat","background-position":"center center","background-size":"auto","background-attachment":"scroll","background-type":"","background-media":"","overlay-type":"","overlay-color":"","overlay-opacity":"","overlay-gradient":""},"tablet":{"background-color":"var(--ast-global-color-4)","background-image":"","background-repeat":"repeat","background-position":"center center","background-size":"auto","background-attachment":"scroll","background-type":"","background-media":"","overlay-type":"","overlay-color":"","overlay-opacity":"","overlay-gradient":""},"mobile":{"background-color":"var(--ast-global-color-4)","background-image":"","background-repeat":"repeat","background-position":"center center","background-size":"auto","background-attachment":"scroll","background-type":"","background-media":"","overlay-type":"","overlay-color":"","overlay-opacity":"","overlay-gradient":""}}},"product_brand":[],"product_cat":[44],"product_tag":[],"class_list":{"0":"post-228","1":"product","2":"type-product","3":"status-publish","4":"has-post-thumbnail","6":"product_cat-climfeet","7":"desktop-align-left","8":"tablet-align-left","9":"mobile-align-left","11":"first","12":"outofstock","13":"taxable","14":"shipping-taxable","15":"purchasable","16":"product-type-simple"},"yoast_head":"<!-- This site is optimized with the Yoast SEO Premium plugin v26.4 (Yoast SEO v27.4) - https:\/\/yoast.com\/product\/yoast-seo-premium-wordpress\/ -->\n<title>ClimFeet + Semelles chauffantes et rafra\u00eechissantes<\/title>\n<meta name=\"description\" content=\"Une paire de semelles r\u00e9versibles qui chauffent ou rafra\u00eechissent naturellement vos pieds, simplement gr\u00e2ce \u00e0 l\u2019\u00e9nergie de vos pas\" \/>\n<meta name=\"robots\" content=\"index, follow, max-snippet:-1, max-image-preview:large, max-video-preview:-1\" \/>\n<link rel=\"canonical\" href=\"https:\/\/local.preprod.solecooler.com\/en\/product\/climfeet-2\/\" \/>\n<meta property=\"og:locale\" content=\"en_US\" \/>\n<meta property=\"og:type\" content=\"article\" \/>\n<meta property=\"og:title\" content=\"ClimFeet +\" \/>\n<meta property=\"og:description\" content=\"Une paire de semelles r\u00e9versibles qui chauffent ou rafra\u00eechissent naturellement vos pieds, simplement gr\u00e2ce \u00e0 l\u2019\u00e9nergie de vos pas\" \/>\n<meta property=\"og:url\" content=\"https:\/\/local.preprod.solecooler.com\/en\/product\/climfeet-2\/\" \/>\n<meta property=\"og:site_name\" content=\"Solecooler\" \/>\n<meta property=\"article:publisher\" content=\"https:\/\/www.facebook.com\/solecoolerofficial\" \/>\n<meta property=\"article:modified_time\" content=\"2026-02-17T15:16:32+00:00\" \/>\n<meta property=\"og:image\" content=\"https:\/\/local.preprod.solecooler.com\/wp-content\/uploads\/2025\/08\/CLIMFEET-Face-chaude-Face-froide-scaled.webp\" \/>\n\t<meta property=\"og:image:width\" content=\"1920\" \/>\n\t<meta property=\"og:image:height\" content=\"2560\" \/>\n\t<meta property=\"og:image:type\" content=\"image\/webp\" \/>\n<meta name=\"twitter:card\" content=\"summary_large_image\" \/>\n<script type=\"application\/ld+json\" class=\"yoast-schema-graph\">{\"@context\":\"https:\\\/\\\/schema.org\",\"@graph\":[{\"@type\":\"WebPage\",\"@id\":\"https:\\\/\\\/local.preprod.solecooler.com\\\/produit\\\/climfeet\\\/\",\"url\":\"https:\\\/\\\/local.preprod.solecooler.com\\\/produit\\\/climfeet\\\/\",\"name\":\"ClimFeet + Semelles chauffantes et rafra\u00eechissantes\",\"isPartOf\":{\"@id\":\"https:\\\/\\\/local.preprod.solecooler.com\\\/#website\"},\"primaryImageOfPage\":{\"@id\":\"https:\\\/\\\/local.preprod.solecooler.com\\\/produit\\\/climfeet\\\/#primaryimage\"},\"image\":{\"@id\":\"https:\\\/\\\/local.preprod.solecooler.com\\\/produit\\\/climfeet\\\/#primaryimage\"},\"thumbnailUrl\":\"https:\\\/\\\/local.preprod.solecooler.com\\\/wp-content\\\/uploads\\\/2025\\\/08\\\/CLIMFEET-Face-chaude-Face-froide-scaled.webp\",\"datePublished\":\"2025-08-18T10:00:07+00:00\",\"dateModified\":\"2026-02-17T15:16:32+00:00\",\"description\":\"Une paire de semelles r\u00e9versibles qui chauffent ou rafra\u00eechissent naturellement vos pieds, simplement gr\u00e2ce \u00e0 l\u2019\u00e9nergie de vos pas\",\"breadcrumb\":{\"@id\":\"https:\\\/\\\/local.preprod.solecooler.com\\\/produit\\\/climfeet\\\/#breadcrumb\"},\"inLanguage\":\"en-US\",\"potentialAction\":[{\"@type\":\"ReadAction\",\"target\":[\"https:\\\/\\\/local.preprod.solecooler.com\\\/produit\\\/climfeet\\\/\"]}]},{\"@type\":\"ImageObject\",\"inLanguage\":\"en-US\",\"@id\":\"https:\\\/\\\/local.preprod.solecooler.com\\\/produit\\\/climfeet\\\/#primaryimage\",\"url\":\"https:\\\/\\\/local.preprod.solecooler.com\\\/wp-content\\\/uploads\\\/2025\\\/08\\\/CLIMFEET-Face-chaude-Face-froide-scaled.webp\",\"contentUrl\":\"https:\\\/\\\/local.preprod.solecooler.com\\\/wp-content\\\/uploads\\\/2025\\\/08\\\/CLIMFEET-Face-chaude-Face-froide-scaled.webp\",\"width\":1920,\"height\":2560,\"caption\":\"Semelles thermor\u00e9gulatrices Climfeet de SoleCooler\"},{\"@type\":\"BreadcrumbList\",\"@id\":\"https:\\\/\\\/local.preprod.solecooler.com\\\/produit\\\/climfeet\\\/#breadcrumb\",\"itemListElement\":[{\"@type\":\"ListItem\",\"position\":1,\"name\":\"Accueil\",\"item\":\"https:\\\/\\\/local.preprod.solecooler.com\\\/\"},{\"@type\":\"ListItem\",\"position\":2,\"name\":\"Produits\",\"item\":\"https:\\\/\\\/local.preprod.solecooler.com\\\/shop\\\/\"},{\"@type\":\"ListItem\",\"position\":3,\"name\":\"ClimFeet +\"}]},{\"@type\":\"WebSite\",\"@id\":\"https:\\\/\\\/local.preprod.solecooler.com\\\/#website\",\"url\":\"https:\\\/\\\/local.preprod.solecooler.com\\\/\",\"name\":\"Solecooler\",\"description\":\"\",\"publisher\":{\"@id\":\"https:\\\/\\\/local.preprod.solecooler.com\\\/#organization\"},\"potentialAction\":[{\"@type\":\"SearchAction\",\"target\":{\"@type\":\"EntryPoint\",\"urlTemplate\":\"https:\\\/\\\/local.preprod.solecooler.com\\\/?s={search_term_string}\"},\"query-input\":{\"@type\":\"PropertyValueSpecification\",\"valueRequired\":true,\"valueName\":\"search_term_string\"}}],\"inLanguage\":\"en-US\"},{\"@type\":\"Organization\",\"@id\":\"https:\\\/\\\/local.preprod.solecooler.com\\\/#organization\",\"name\":\"Solecooler\",\"url\":\"https:\\\/\\\/local.preprod.solecooler.com\\\/\",\"logo\":{\"@type\":\"ImageObject\",\"inLanguage\":\"en-US\",\"@id\":\"https:\\\/\\\/local.preprod.solecooler.com\\\/#\\\/schema\\\/logo\\\/image\\\/\",\"url\":\"https:\\\/\\\/local.preprod.solecooler.com\\\/wp-content\\\/uploads\\\/2025\\\/08\\\/Logo_Texte_Web_Transparent_500P.png\",\"contentUrl\":\"https:\\\/\\\/local.preprod.solecooler.com\\\/wp-content\\\/uploads\\\/2025\\\/08\\\/Logo_Texte_Web_Transparent_500P.png\",\"width\":500,\"height\":250,\"caption\":\"Solecooler\"},\"image\":{\"@id\":\"https:\\\/\\\/local.preprod.solecooler.com\\\/#\\\/schema\\\/logo\\\/image\\\/\"},\"sameAs\":[\"https:\\\/\\\/www.facebook.com\\\/solecoolerofficial\",\"https:\\\/\\\/www.instagram.com\\\/solecooler\",\"https:\\\/\\\/www.linkedin.com\\\/company\\\/solecooler\"]}]}<\/script>\n<!-- \/ Yoast SEO Premium plugin. -->","yoast_head_json":{"title":"ClimFeet + Semelles chauffantes et rafra\u00eechissantes","description":"Une paire de semelles r\u00e9versibles qui chauffent ou rafra\u00eechissent naturellement vos pieds, simplement gr\u00e2ce \u00e0 l\u2019\u00e9nergie de vos pas","robots":{"index":"index","follow":"follow","max-snippet":"max-snippet:-1","max-image-preview":"max-image-preview:large","max-video-preview":"max-video-preview:-1"},"canonical":"https:\/\/local.preprod.solecooler.com\/en\/product\/climfeet-2\/","og_locale":"en_US","og_type":"article","og_title":"ClimFeet +","og_description":"Une paire de semelles r\u00e9versibles qui chauffent ou rafra\u00eechissent naturellement vos pieds, simplement gr\u00e2ce \u00e0 l\u2019\u00e9nergie de vos pas","og_url":"https:\/\/local.preprod.solecooler.com\/en\/product\/climfeet-2\/","og_site_name":"Solecooler","article_publisher":"https:\/\/www.facebook.com\/solecoolerofficial","article_modified_time":"2026-02-17T15:16:32+00:00","og_image":[{"width":1920,"height":2560,"url":"https:\/\/local.preprod.solecooler.com\/wp-content\/uploads\/2025\/08\/CLIMFEET-Face-chaude-Face-froide-scaled.webp","type":"image\/webp"}],"twitter_card":"summary_large_image","schema":{"@context":"https:\/\/schema.org","@graph":[{"@type":"WebPage","@id":"https:\/\/local.preprod.solecooler.com\/produit\/climfeet\/","url":"https:\/\/local.preprod.solecooler.com\/produit\/climfeet\/","name":"ClimFeet + Semelles chauffantes et rafra\u00eechissantes","isPartOf":{"@id":"https:\/\/local.preprod.solecooler.com\/#website"},"primaryImageOfPage":{"@id":"https:\/\/local.preprod.solecooler.com\/produit\/climfeet\/#primaryimage"},"image":{"@id":"https:\/\/local.preprod.solecooler.com\/produit\/climfeet\/#primaryimage"},"thumbnailUrl":"https:\/\/local.preprod.solecooler.com\/wp-content\/uploads\/2025\/08\/CLIMFEET-Face-chaude-Face-froide-scaled.webp","datePublished":"2025-08-18T10:00:07+00:00","dateModified":"2026-02-17T15:16:32+00:00","description":"Une paire de semelles r\u00e9versibles qui chauffent ou rafra\u00eechissent naturellement vos pieds, simplement gr\u00e2ce \u00e0 l\u2019\u00e9nergie de vos pas","breadcrumb":{"@id":"https:\/\/local.preprod.solecooler.com\/produit\/climfeet\/#breadcrumb"},"inLanguage":"en-US","potentialAction":[{"@type":"ReadAction","target":["https:\/\/local.preprod.solecooler.com\/produit\/climfeet\/"]}]},{"@type":"ImageObject","inLanguage":"en-US","@id":"https:\/\/local.preprod.solecooler.com\/produit\/climfeet\/#primaryimage","url":"https:\/\/local.preprod.solecooler.com\/wp-content\/uploads\/2025\/08\/CLIMFEET-Face-chaude-Face-froide-scaled.webp","contentUrl":"https:\/\/local.preprod.solecooler.com\/wp-content\/uploads\/2025\/08\/CLIMFEET-Face-chaude-Face-froide-scaled.webp","width":1920,"height":2560,"caption":"Semelles thermor\u00e9gulatrices Climfeet de SoleCooler"},{"@type":"BreadcrumbList","@id":"https:\/\/local.preprod.solecooler.com\/produit\/climfeet\/#breadcrumb","itemListElement":[{"@type":"ListItem","position":1,"name":"Accueil","item":"https:\/\/local.preprod.solecooler.com\/"},{"@type":"ListItem","position":2,"name":"Produits","item":"https:\/\/local.preprod.solecooler.com\/shop\/"},{"@type":"ListItem","position":3,"name":"ClimFeet +"}]},{"@type":"WebSite","@id":"https:\/\/local.preprod.solecooler.com\/#website","url":"https:\/\/local.preprod.solecooler.com\/","name":"Solecooler","description":"","publisher":{"@id":"https:\/\/local.preprod.solecooler.com\/#organization"},"potentialAction":[{"@type":"SearchAction","target":{"@type":"EntryPoint","urlTemplate":"https:\/\/local.preprod.solecooler.com\/?s={search_term_string}"},"query-input":{"@type":"PropertyValueSpecification","valueRequired":true,"valueName":"search_term_string"}}],"inLanguage":"en-US"},{"@type":"Organization","@id":"https:\/\/local.preprod.solecooler.com\/#organization","name":"Solecooler","url":"https:\/\/local.preprod.solecooler.com\/","logo":{"@type":"ImageObject","inLanguage":"en-US","@id":"https:\/\/local.preprod.solecooler.com\/#\/schema\/logo\/image\/","url":"https:\/\/local.preprod.solecooler.com\/wp-content\/uploads\/2025\/08\/Logo_Texte_Web_Transparent_500P.png","contentUrl":"https:\/\/local.preprod.solecooler.com\/wp-content\/uploads\/2025\/08\/Logo_Texte_Web_Transparent_500P.png","width":500,"height":250,"caption":"Solecooler"},"image":{"@id":"https:\/\/local.preprod.solecooler.com\/#\/schema\/logo\/image\/"},"sameAs":["https:\/\/www.facebook.com\/solecoolerofficial","https:\/\/www.instagram.com\/solecooler","https:\/\/www.linkedin.com\/company\/solecooler"]}]}},"_links":{"self":[{"href":"https:\/\/local.preprod.solecooler.com\/en\/wp-json\/wp\/v2\/product\/228","targetHints":{"allow":["GET"]}}],"collection":[{"href":"https:\/\/local.preprod.solecooler.com\/en\/wp-json\/wp\/v2\/product"}],"about":[{"href":"https:\/\/local.preprod.solecooler.com\/en\/wp-json\/wp\/v2\/types\/product"}],"replies":[{"embeddable":true,"href":"https:\/\/local.preprod.solecooler.com\/en\/wp-json\/wp\/v2\/comments?post=228"}],"version-history":[{"count":51,"href":"https:\/\/local.preprod.solecooler.com\/en\/wp-json\/wp\/v2\/product\/228\/revisions"}],"predecessor-version":[{"id":539503,"href":"https:\/\/local.preprod.solecooler.com\/en\/wp-json\/wp\/v2\/product\/228\/revisions\/539503"}],"wp:featuredmedia":[{"embeddable":true,"href":"https:\/\/local.preprod.solecooler.com\/en\/wp-json\/wp\/v2\/media\/105663"}],"wp:attachment":[{"href":"https:\/\/local.preprod.solecooler.com\/en\/wp-json\/wp\/v2\/media?parent=228"}],"wp:term":[{"taxonomy":"product_brand","embeddable":true,"href":"https:\/\/local.preprod.solecooler.com\/en\/wp-json\/wp\/v2\/product_brand?post=228"},{"taxonomy":"product_cat","embeddable":true,"href":"https:\/\/local.preprod.solecooler.com\/en\/wp-json\/wp\/v2\/product_cat?post=228"},{"taxonomy":"product_tag","embeddable":true,"href":"https:\/\/local.preprod.solecooler.com\/en\/wp-json\/wp\/v2\/product_tag?post=228"}],"curies":[{"name":"wp","href":"https:\/\/api.w.org\/{rel}","templated":true}]}}